{"id":1890,"date":"2022-01-04T19:45:48","date_gmt":"2022-01-04T19:45:48","guid":{"rendered":"https:\/\/www.bellcos.com.py\/?post_type=product&#038;p=1890"},"modified":"2023-02-07T19:12:25","modified_gmt":"2023-02-07T19:12:25","slug":"loreal-revitalift-acido-hialuronico-crema-de-ojos-15ml","status":"publish","type":"product","link":"https:\/\/www.bellcos.com.py\/?product=loreal-revitalift-acido-hialuronico-crema-de-ojos-15ml","title":{"rendered":"L&#8217;Or\u00e9al Revitalift \u00c1cido Hialur\u00f3nico Crema De Ojos  15ml"},"content":{"rendered":"<p>L&#8217;or\u00e9al Revitalift \u00c1cido Hialur\u00f3nico Crema De Ojos 15ml<\/p>\n","protected":false},"excerpt":{"rendered":"<p>L&#8217;or\u00e9al Revitalift \u00c1cido Hialur\u00f3nico Crema De Ojos 15ml<\/p>\n","protected":false},"featured_media":1891,"template":"","meta":[],"product_cat":[52,25,22],"product_tag":[],"_links":{"self":[{"href":"https:\/\/www.bellcos.com.py\/index.php?rest_route=\/wp\/v2\/product\/1890"}],"collection":[{"href":"https:\/\/www.bellcos.com.py\/index.php?rest_route=\/wp\/v2\/product"}],"about":[{"href":"https:\/\/www.bellcos.com.py\/index.php?rest_route=\/wp\/v2\/types\/product"}],"wp:featuredmedia":[{"embeddable":true,"href":"https:\/\/www.bellcos.com.py\/index.php?rest_route=\/wp\/v2\/media\/1891"}],"wp:attachment":[{"href":"https:\/\/www.bellcos.com.py\/index.php?rest_route=%2Fwp%2Fv2%2Fmedia&parent=1890"}],"wp:term":[{"taxonomy":"product_cat","embeddable":true,"href":"https:\/\/www.bellcos.com.py\/index.php?rest_route=%2Fwp%2Fv2%2Fproduct_cat&post=1890"},{"taxonomy":"product_tag","embeddable":true,"href":"https:\/\/www.bellcos.com.py\/index.php?rest_route=%2Fwp%2Fv2%2Fproduct_tag&post=1890"}],"curies":[{"name":"wp","href":"https:\/\/api.w.org\/{rel}","templated":true}]}}